{"id":1188,"date":"2026-05-06T12:07:08","date_gmt":"2026-05-06T09:07:08","guid":{"rendered":"https:\/\/muebbet-tr.com\/index.php\/blog\/"},"modified":"2026-05-07T13:39:52","modified_gmt":"2026-05-07T10:39:52","slug":"blog","status":"publish","type":"page","link":"https:\/\/muebbet-tr.com\/blog\/","title":{"rendered":"Blog"},"content":{"rendered":"<p>M\u00fcebbet giri\u015f, bonus, casino, spor ve g\u00fcvenli eri\u015fim rehberlerinin tamam\u0131 bu ar\u015fivde listelenir.<\/p>\n","protected":false},"excerpt":{"rendered":"<p>M\u00fcebbet blog ar\u015fivi: giri\u015f, bonus, casino ve g\u00fcvenli eri\u015fim yaz\u0131lar\u0131.<\/p>\n","protected":false},"author":1,"featured_media":1151,"parent":0,"menu_order":0,"comment_status":"closed","ping_status":"closed","template":"","meta":{"footnotes":""},"class_list":["post-1188","page","type-page","status-publish","has-post-thumbnail"],"_links":{"self":[{"href":"https:\/\/muebbet-tr.com\/wp-json\/wp\/v2\/pages\/1188","targetHints":{"allow":["GET"]}}],"collection":[{"href":"https:\/\/muebbet-tr.com\/wp-json\/wp\/v2\/pages"}],"about":[{"href":"https:\/\/muebbet-tr.com\/wp-json\/wp\/v2\/types\/page"}],"author":[{"embeddable":true,"href":"https:\/\/muebbet-tr.com\/wp-json\/wp\/v2\/users\/1"}],"replies":[{"embeddable":true,"href":"https:\/\/muebbet-tr.com\/wp-json\/wp\/v2\/comments?post=1188"}],"version-history":[{"count":1,"href":"https:\/\/muebbet-tr.com\/wp-json\/wp\/v2\/pages\/1188\/revisions"}],"predecessor-version":[{"id":1197,"href":"https:\/\/muebbet-tr.com\/wp-json\/wp\/v2\/pages\/1188\/revisions\/1197"}],"wp:featuredmedia":[{"embeddable":true,"href":"https:\/\/muebbet-tr.com\/wp-json\/wp\/v2\/media\/1151"}],"wp:attachment":[{"href":"https:\/\/muebbet-tr.com\/wp-json\/wp\/v2\/media?parent=1188"}],"curies":[{"name":"wp","href":"https:\/\/api.w.org\/{rel}","templated":true}]}}