{"id":1191,"date":"2026-05-06T12:07:42","date_gmt":"2026-05-06T09:07:42","guid":{"rendered":"https:\/\/muebbet-tr.com\/index.php\/gizlilik-politikasi\/"},"modified":"2026-05-06T12:10:34","modified_gmt":"2026-05-06T09:10:34","slug":"gizlilik-politikasi","status":"publish","type":"page","link":"https:\/\/muebbet-tr.com\/index.php\/gizlilik-politikasi\/","title":{"rendered":"Gizlilik Politikas\u0131"},"content":{"rendered":"<h2>Gizlilik Politikas\u0131<\/h2>\n<p>Bu site M\u00fcebbet hakk\u0131nda tan\u0131t\u0131m, giri\u015f rehberi ve bonus i\u00e7erikleri sunar. Ziyaret\u00e7i deneyimini geli\u015ftirmek i\u00e7in standart teknik veriler, taray\u0131c\u0131 bilgileri ve anonim istatistikler i\u015flenebilir.<\/p>\n<p>Kullan\u0131c\u0131lar bu sitede hesap \u015fifresi veya \u00f6deme bilgisi payla\u015fmamal\u0131d\u0131r. Harici ba\u011flant\u0131larda i\u015flem yapmadan \u00f6nce ilgili sayfan\u0131n gizlilik ve g\u00fcvenlik ko\u015fullar\u0131 ayr\u0131ca kontrol edilmelidir.<\/p>\n","protected":false},"excerpt":{"rendered":"<p>Gizlilik Politikas\u0131 Bu site M\u00fcebbet hakk\u0131nda tan\u0131t\u0131m, giri\u015f rehberi ve bonus i\u00e7erikleri sunar. Ziyaret\u00e7i deneyimini geli\u015ftirmek i\u00e7in standart teknik veriler, taray\u0131c\u0131 bilgileri ve anonim istatistikler i\u015flenebilir. Kullan\u0131c\u0131lar bu sitede hesap \u015fifresi veya \u00f6deme bilgisi payla\u015fmamal\u0131d\u0131r. Harici ba\u011flant\u0131larda i\u015flem yapmadan \u00f6nce ilgili sayfan\u0131n gizlilik ve g\u00fcvenlik ko\u015fullar\u0131 ayr\u0131ca kontrol edilmelidir.<\/p>\n","protected":false},"author":1,"featured_media":1144,"parent":0,"menu_order":0,"comment_status":"closed","ping_status":"closed","template":"","meta":{"footnotes":""},"class_list":["post-1191","page","type-page","status-publish","has-post-thumbnail"],"_links":{"self":[{"href":"https:\/\/muebbet-tr.com\/index.php\/wp-json\/wp\/v2\/pages\/1191","targetHints":{"allow":["GET"]}}],"collection":[{"href":"https:\/\/muebbet-tr.com\/index.php\/wp-json\/wp\/v2\/pages"}],"about":[{"href":"https:\/\/muebbet-tr.com\/index.php\/wp-json\/wp\/v2\/types\/page"}],"author":[{"embeddable":true,"href":"https:\/\/muebbet-tr.com\/index.php\/wp-json\/wp\/v2\/users\/1"}],"replies":[{"embeddable":true,"href":"https:\/\/muebbet-tr.com\/index.php\/wp-json\/wp\/v2\/comments?post=1191"}],"version-history":[{"count":1,"href":"https:\/\/muebbet-tr.com\/index.php\/wp-json\/wp\/v2\/pages\/1191\/revisions"}],"predecessor-version":[{"id":1200,"href":"https:\/\/muebbet-tr.com\/index.php\/wp-json\/wp\/v2\/pages\/1191\/revisions\/1200"}],"wp:featuredmedia":[{"embeddable":true,"href":"https:\/\/muebbet-tr.com\/index.php\/wp-json\/wp\/v2\/media\/1144"}],"wp:attachment":[{"href":"https:\/\/muebbet-tr.com\/index.php\/wp-json\/wp\/v2\/media?parent=1191"}],"curies":[{"name":"wp","href":"https:\/\/api.w.org\/{rel}","templated":true}]}}